{"id":3,"date":"2020-12-04T11:51:56","date_gmt":"2020-12-04T10:51:56","guid":{"rendered":"https:\/\/www.aurelienbrusini.com\/shop\/?page_id=3"},"modified":"2020-12-17T15:42:45","modified_gmt":"2020-12-17T14:42:45","slug":"politique-de-confidentialite","status":"publish","type":"page","link":"https:\/\/www.aurelienbrusini.com\/shop\/politique-de-confidentialite\/","title":{"rendered":"Conditions g\u00e9n\u00e9rales de vente"},"content":{"rendered":"\n<p>  <\/p>\n\n\n\n<p> <\/p>\n\n\n\n<p id=\"u62496-13\">Les pr\u00e9sentes conditions g\u00e9n\u00e9rales de vente s&rsquo;appliquent \u00e0 toutes les commandes pass\u00e9es sur le site www.aurelienbrusini.com.<\/p>\n\n\n\n<p id=\"u62496-16\">En confirmant votre commande, vous reconnaissez avoir pris connaissance des pr\u00e9sentes conditions g\u00e9n\u00e9rales de vente et les acceptez dans leur int\u00e9gralit\u00e9.<\/p>\n\n\n\n<p id=\"u62496-21\">Le site&nbsp;www.aurelienbrusini.com&nbsp;se r\u00e9serve le droit de modifier ces conditions. Les conditions applicables sont alors celles en vigueur au moment de la passation de commande.<\/p>\n\n\n\n<h5 class=\"has-text-align-center wp-block-heading\">PRODUITS ET TARIFS<\/h5>\n\n\n\n<p id=\"u62496-29\">Les produits vendus sur le site&nbsp;www.aurelienbrusini.com&nbsp;sont imagin\u00e9s, r\u00e9alis\u00e9s et produits par Aur\u00e9lien BRUSINI, photographe.<\/p>\n\n\n\n<p id=\"u62496-32\">Les produits sont illustr\u00e9s par une ou plusieurs photographies, un texte descriptif et un prix TTC en Euros. Les photographies se veulent le plus fid\u00e8les possibles aux produits mais les couleurs peuvent varier d&rsquo;un \u00e9cran d&rsquo;ordinateur \u00e0 un autre.<\/p>\n\n\n\n<p id=\"u62496-35\">Les prix sont en Euros, toutes taxes comprises et s&rsquo;entendent hors frais de port. Les frais de port varient en fonction du poids, du volume des produits et de la destination. Ils sont indiqu\u00e9s \u00e0 l&rsquo;acheteur lors de la validation de sa commande par retour d&rsquo;e-mail.<\/p>\n\n\n\n<h5 class=\"has-text-align-center wp-block-heading\">PAIEMENT<\/h5>\n\n\n\n<p id=\"u62496-43\">Le site&nbsp;www.aurelienbrusini.com&nbsp;accepte les modes de paiement suivant :<\/p>\n\n\n\n<p id=\"u62496-46\">&#8211; Par virement : les paiements s&rsquo;effectuent suite \u00e0 la validation par e-mail de votre commande par Aur\u00e9lien BRUSINI et l&rsquo;envoi de ses coordonn\u00e9es.<\/p>\n\n\n\n<p id=\"u62496-51\">&#8211; Par ch\u00e8que : en envoyant un e-mail \u00e0 aurelien.brusini@gmail.com ou via le formulaire de contact du site&nbsp;www.aurelienbrusini.com&nbsp;en indiquant le nom des produits ainsi que leur quantit\u00e9.<\/p>\n\n\n\n<p id=\"u62496-54\">Facture sur demande en envoyant un e-mail \u00e0 aurelien.brusini@gmail.com ou via le formulaire de contact.<\/p>\n\n\n\n<h5 class=\"has-text-align-center wp-block-heading\">LIVRAISON<\/h5>\n\n\n\n<p id=\"u62496-60\">Les petites commandes partent en lettre simple sous enveloppes cartonn\u00e9es renforc\u00e9es et sont distribu\u00e9es par la Poste.<\/p>\n\n\n\n<p id=\"u62496-63\">Les commandes plus importantes sont exp\u00e9di\u00e9es en Colissimo avec assurance par la Poste (ou transporteur si besoin). Un num\u00e9ro de suivi du colis vous sera alors adress\u00e9 par mail.<\/p>\n\n\n\n<p id=\"u62496-66\">Merci de bien v\u00e9rifier vos coordonn\u00e9es de livraison lors de la passation de commande afin que votre commande soit achemin\u00e9e \u00e0 l&rsquo;adresse souhait\u00e9e.<\/p>\n\n\n\n<p id=\"u62496-71\">Le site&nbsp;www.aurelienbrusini.com&nbsp;exp\u00e9die \u00e0 l&rsquo;international par la Poste.<\/p>\n\n\n\n<p id=\"u62496-74\">Il est rappel\u00e9 \u00e0 l&rsquo;acheteur qu\u2019au moment o\u00f9 il prend possession physiquement des articles, le risque de perte ou d\u2019endommagement des produits lui est transf\u00e9r\u00e9. Il appartient \u00e0 l&rsquo;acheteur de notifier au transporteur toutes r\u00e9serves sur le ou les articles livr\u00e9s.<\/p>\n\n\n\n<h5 class=\"has-text-align-center wp-block-heading\">D\u00c9LAI DE R\u00c9TRACTATION<\/h5>\n\n\n\n<p>En application de l&rsquo;article du code L.121-20 du Code de la consommation, l&rsquo;acheteur dispose d&rsquo;un d\u00e9lai de quatorze jours ouvrables pour retourner \u00e0 ses frais les articles ne lui convenant pas, pour un \u00e9change ou un remboursement. Ce d\u00e9lai court \u00e0 compter du jour de r\u00e9ception de la commande. Tout retour devra \u00eatre signal\u00e9 au pr\u00e9alable par e-mail \u00e0 : aurelien.brusini@gmail.com. En cas d\u2019exercice du droit de r\u00e9tractation dans le d\u00e9lai susmentionn\u00e9, seul le prix du ou des articles achet\u00e9s et les frais d\u2019envoi seront rembours\u00e9s, les frais de retour restent \u00e0 la charge de l&rsquo;acheteur. Les retours des articles sont \u00e0 effectuer dans leur \u00e9tat d&rsquo;origine et complets de sorte qu&rsquo;ils puissent \u00eatre recommercialis\u00e9s \u00e0 l\u2019\u00e9tat neuf. Dans le cas contraire, les articles ne seront ni rembours\u00e9s, ni repris, ni \u00e9chang\u00e9s. Dans l&rsquo;hypoth\u00e8se de l&rsquo;exercice du droit de r\u00e9tractation l&rsquo;acheteur a le choix de demander soit le remboursement des sommes vers\u00e9es, soit l&rsquo;\u00e9change des articles. Dans ce cas la r\u00e9exp\u00e9dition se fera aux frais de l&rsquo;acheteur.<\/p>\n\n\n\n<h5 class=\"has-text-align-center wp-block-heading\">PROTECTION DES DONN\u00c9ES PERSONNELLES<\/h5>\n\n\n\n<p id=\"u62496-86\">Conform\u00e9ment \u00e0 la Loi Informatique et Libert\u00e9s du 6 janvier 1978, l&rsquo;acheteur dispose des droits d\u2019interrogation, d\u2019acc\u00e8s, de modification, d\u2019opposition et de rectification sur les donn\u00e9es personnelles le concernant.<\/p>\n\n\n\n<p id=\"u62496-89\">En adh\u00e9rant \u00e0 ces conditions g\u00e9n\u00e9rales de vente, l&rsquo;acheteur consent \u00e0 ce que les informations nominatives recueillies soient utilis\u00e9es pour le traitement et l&rsquo;acheminement des commandes.<\/p>\n\n\n\n<p id=\"u62496-94\">De plus toutes les donn\u00e9es personnelles sont gard\u00e9es confidentielles par le site&nbsp;www.aurelienbrusini.com&nbsp;qui s&rsquo;engage \u00e0 ne pas les communiquer \u00e0 un tiers.<\/p>\n\n\n\n<h5 class=\"has-text-align-center wp-block-heading\">PROPRI\u00c9T\u00c9 INTELLECTUELLE<\/h5>\n\n\n\n<p>Les images, photographies, articles, vid\u00e9os, textes ou plus g\u00e9n\u00e9ralement toute information objet de droits de propri\u00e9t\u00e9 intellectuelle sont et restent la propri\u00e9t\u00e9 exclusive d&rsquo;Aur\u00e9lien BRUSINI. Aucune cession de droits de propri\u00e9t\u00e9 intellectuelle n\u2019est r\u00e9alis\u00e9e au travers des pr\u00e9sentes conditions g\u00e9n\u00e9rales de vente. Toute reproduction totale ou partielle, modification ou utilisation de ces biens pour quelque motif que ce soit est strictement interdite.<\/p>\n\n\n\n<h5 class=\"has-text-align-center wp-block-heading\">DROIT APPLICABLE<\/h5>\n\n\n\n<p>Toutes les clauses figurant dans les pr\u00e9sentes conditions g\u00e9n\u00e9rales de vente, ainsi que toutes les op\u00e9rations d\u2019achat et de vente qui y sont vis\u00e9es, seront soumises au droit fran\u00e7ais.<\/p>\n\n\n\n<h5 class=\"has-text-align-center wp-block-heading\">MENTIONS L\u00c9GALES<\/h5>\n\n\n\n<p id=\"u62496-113\">Les pr\u00e9sentes conditions g\u00e9n\u00e9rales de vente concernent le site&nbsp;www.aurelienbrusini.com<\/p>\n\n\n\n<p id=\"u62496-116\">E-mail : aurelien.brusini-at-gmail.com<\/p>\n\n\n\n<p id=\"u62496-119\">N\u00b0 DE SIRET : 797 962 214 00046<\/p>\n","protected":false},"excerpt":{"rendered":"<p>Les pr\u00e9sentes conditions g\u00e9n\u00e9rales de vente s&rsquo;appliquent \u00e0 toutes les commandes pass\u00e9es sur le site www.aurelienbrusini.com. En confirmant votre commande, vous reconnaissez avoir pris connaissance des pr\u00e9sentes conditions g\u00e9n\u00e9rales de vente et les acceptez dans leur int\u00e9gralit\u00e9. Le site&nbsp;www.aurelienbrusini.com&nbsp;se r\u00e9serve le droit de modifier ces conditions. Les conditions applicables sont alors celles en vigueur au [&hellip;]<\/p>\n","protected":false},"author":1,"featured_media":5323,"parent":0,"menu_order":0,"comment_status":"closed","ping_status":"open","template":"templates\/template-cover.php","meta":{"footnotes":""},"class_list":["post-3","page","type-page","status-publish","has-post-thumbnail","hentry"],"_links":{"self":[{"href":"https:\/\/www.aurelienbrusini.com\/shop\/wp-json\/wp\/v2\/pages\/3","targetHints":{"allow":["GET"]}}],"collection":[{"href":"https:\/\/www.aurelienbrusini.com\/shop\/wp-json\/wp\/v2\/pages"}],"about":[{"href":"https:\/\/www.aurelienbrusini.com\/shop\/wp-json\/wp\/v2\/types\/page"}],"author":[{"embeddable":true,"href":"https:\/\/www.aurelienbrusini.com\/shop\/wp-json\/wp\/v2\/users\/1"}],"replies":[{"embeddable":true,"href":"https:\/\/www.aurelienbrusini.com\/shop\/wp-json\/wp\/v2\/comments?post=3"}],"version-history":[{"count":0,"href":"https:\/\/www.aurelienbrusini.com\/shop\/wp-json\/wp\/v2\/pages\/3\/revisions"}],"wp:featuredmedia":[{"embeddable":true,"href":"https:\/\/www.aurelienbrusini.com\/shop\/wp-json\/wp\/v2\/media\/5323"}],"wp:attachment":[{"href":"https:\/\/www.aurelienbrusini.com\/shop\/wp-json\/wp\/v2\/media?parent=3"}],"curies":[{"name":"wp","href":"https:\/\/api.w.org\/{rel}","templated":true}]}}