{"id":186,"date":"2020-12-06T18:59:46","date_gmt":"2020-12-06T17:59:46","guid":{"rendered":"https:\/\/www.aurelienbrusini.com\/shop\/?post_type=product&#038;p=186"},"modified":"2020-12-19T19:03:08","modified_gmt":"2020-12-19T18:03:08","slug":"livre-carnet-islande","status":"publish","type":"product","link":"https:\/\/www.aurelienbrusini.com\/shop\/produit\/beaux-livres\/livre-carnet-islande\/","title":{"rendered":"Carnet d&rsquo;Islande"},"content":{"rendered":"","protected":false},"excerpt":{"rendered":"<p id=\"u44652-19\"><strong>Editions Les 2 Encres<\/strong><\/p>\n<p id=\"u44652-21\"><strong>Format 22 x 22 cm &#8211; 96 pages.<\/strong><\/p>\n<p id=\"u44652-23\"><strong>EAN : 9782351681015<\/strong><\/p>\n<p><span id=\"u44652-25\">\u00ab S\u2019il est des pays hauts en couleurs, l\u2019Islande en\u00a0<\/span>hiver est tout en demi-teintes. Elle nous ouvre les yeux sur un monde qui n\u2019a de tendres et enj\u00f4leuses que les apparences, sous un froid mordant et un c\u0153ur bouillonnant. Sur cette \u00eele d\u2019un bout du monde, l\u2019\u00e9trange sentiment de vivre dans des paysages invers\u00e9s. Ici, le ciel donne corps au manteau d\u2019hermine des volcans \u00bb.<\/p>\n","protected":false},"featured_media":181,"template":"","meta":[],"product_cat":[18],"product_tag":[32,60,69,53,70,66,74,80,41,45],"class_list":["post-186","product","type-product","status-publish","has-post-thumbnail","hentry","product_cat-beaux-livres","product_tag-blanc","product_tag-bleu","product_tag-carnet-de-voyage","product_tag-europe","product_tag-hiver","product_tag-ile","product_tag-islande","product_tag-mer","product_tag-paysage","product_tag-personnage","product_shipping_class-standard"],"_links":{"self":[{"href":"https:\/\/www.aurelienbrusini.com\/shop\/wp-json\/wp\/v2\/product\/186","targetHints":{"allow":["GET"]}}],"collection":[{"href":"https:\/\/www.aurelienbrusini.com\/shop\/wp-json\/wp\/v2\/product"}],"about":[{"href":"https:\/\/www.aurelienbrusini.com\/shop\/wp-json\/wp\/v2\/types\/product"}],"wp:featuredmedia":[{"embeddable":true,"href":"https:\/\/www.aurelienbrusini.com\/shop\/wp-json\/wp\/v2\/media\/181"}],"wp:attachment":[{"href":"https:\/\/www.aurelienbrusini.com\/shop\/wp-json\/wp\/v2\/media?parent=186"}],"wp:term":[{"taxonomy":"product_cat","embeddable":true,"href":"https:\/\/www.aurelienbrusini.com\/shop\/wp-json\/wp\/v2\/product_cat?post=186"},{"taxonomy":"product_tag","embeddable":true,"href":"https:\/\/www.aurelienbrusini.com\/shop\/wp-json\/wp\/v2\/product_tag?post=186"}],"curies":[{"name":"wp","href":"https:\/\/api.w.org\/{rel}","templated":true}]}}