{"id":2248,"date":"2020-12-13T14:09:18","date_gmt":"2020-12-13T13:09:18","guid":{"rendered":"https:\/\/www.aurelienbrusini.com\/shop\/?post_type=product&#038;p=2248"},"modified":"2020-12-20T10:57:11","modified_gmt":"2020-12-20T09:57:11","slug":"heron-cendre-isere-france-2","status":"publish","type":"product","link":"https:\/\/www.aurelienbrusini.com\/shop\/produit\/tableaux\/heron-cendre-isere-france-2\/","title":{"rendered":"H\u00e9ron cendr\u00e9 (Is\u00e8re, France)"},"content":{"rendered":"","protected":false},"excerpt":{"rendered":"<p id=\"u8462-9\">Votre photo est d\u00e9velopp\u00e9e sur papier photo argentique Crystal archive Fujifilm, pour un rendu professionnel.<\/p>\n<p id=\"u8462-12\">Elle est ensuite contrecoll\u00e9e sur une plaque, au choix, de plexiglass (5 mm), aluminium (Alu Dibond 3 mm), ou PVC (5 mm).<\/p>\n<p>Finition mat ou brillant possible sur aluminium et PVC.<\/p>\n<p>Jusqu&rsquo;\u00e0 6 formats au choix : du 23 x 30 au 75 x 100 cm.<\/p>\n<p>Le syst\u00e8me d\u2019attaches est inclus.<\/p>\n","protected":false},"featured_media":1452,"template":"","meta":[],"product_cat":[17],"product_tag":[169,28,218,51,168,102,76,30,26],"class_list":["post-2248","product","type-product","status-publish","has-post-thumbnail","hentry","product_cat-tableaux","product_tag-automne","product_tag-faune","product_tag-format-portrait","product_tag-france","product_tag-gris","product_tag-heron","product_tag-jaune","product_tag-oiseau","product_tag-tableau","product_shipping_class-standard"],"_links":{"self":[{"href":"https:\/\/www.aurelienbrusini.com\/shop\/wp-json\/wp\/v2\/product\/2248","targetHints":{"allow":["GET"]}}],"collection":[{"href":"https:\/\/www.aurelienbrusini.com\/shop\/wp-json\/wp\/v2\/product"}],"about":[{"href":"https:\/\/www.aurelienbrusini.com\/shop\/wp-json\/wp\/v2\/types\/product"}],"wp:featuredmedia":[{"embeddable":true,"href":"https:\/\/www.aurelienbrusini.com\/shop\/wp-json\/wp\/v2\/media\/1452"}],"wp:attachment":[{"href":"https:\/\/www.aurelienbrusini.com\/shop\/wp-json\/wp\/v2\/media?parent=2248"}],"wp:term":[{"taxonomy":"product_cat","embeddable":true,"href":"https:\/\/www.aurelienbrusini.com\/shop\/wp-json\/wp\/v2\/product_cat?post=2248"},{"taxonomy":"product_tag","embeddable":true,"href":"https:\/\/www.aurelienbrusini.com\/shop\/wp-json\/wp\/v2\/product_tag?post=2248"}],"curies":[{"name":"wp","href":"https:\/\/api.w.org\/{rel}","templated":true}]}}