{"id":3033,"date":"2020-12-14T10:42:25","date_gmt":"2020-12-14T09:42:25","guid":{"rendered":"https:\/\/www.aurelienbrusini.com\/shop\/?post_type=product&#038;p=3033"},"modified":"2020-12-20T10:27:03","modified_gmt":"2020-12-20T09:27:03","slug":"heron-cendre-isere-france","status":"publish","type":"product","link":"https:\/\/www.aurelienbrusini.com\/shop\/produit\/tableaux\/heron-cendre-isere-france\/","title":{"rendered":"Vol du H\u00e9ron cendr\u00e9 (Is\u00e8re, France)"},"content":{"rendered":"","protected":false},"excerpt":{"rendered":"<p id=\"u8462-9\">Votre photo est d\u00e9velopp\u00e9e sur papier photo argentique Crystal archive Fujifilm, pour un rendu professionnel.<\/p>\n<p id=\"u8462-12\">Elle est ensuite contrecoll\u00e9e sur une plaque, au choix, de plexiglass (5 mm), aluminium (Alu Dibond 3 mm), ou PVC (5 mm).<\/p>\n<p>Finition mat ou brillant possible sur aluminium et PVC.<\/p>\n<p>Jusqu&rsquo;\u00e0 6 formats au choix : du 23 x 30 au 75 x 100 cm.<\/p>\n<p>Le syst\u00e8me d\u2019attaches est inclus.<\/p>\n","protected":false},"featured_media":1353,"template":"","meta":[],"product_cat":[17],"product_tag":[53,28,219,51,102,76,55,33,30,42,40,26,31],"class_list":["post-3033","product","type-product","status-publish","has-post-thumbnail","hentry","product_cat-tableaux","product_tag-europe","product_tag-faune","product_tag-format-paysage","product_tag-france","product_tag-heron","product_tag-jaune","product_tag-lac","product_tag-nature","product_tag-oiseau","product_tag-orange","product_tag-reflet","product_tag-tableau","product_tag-vert","product_shipping_class-standard"],"_links":{"self":[{"href":"https:\/\/www.aurelienbrusini.com\/shop\/wp-json\/wp\/v2\/product\/3033","targetHints":{"allow":["GET"]}}],"collection":[{"href":"https:\/\/www.aurelienbrusini.com\/shop\/wp-json\/wp\/v2\/product"}],"about":[{"href":"https:\/\/www.aurelienbrusini.com\/shop\/wp-json\/wp\/v2\/types\/product"}],"wp:featuredmedia":[{"embeddable":true,"href":"https:\/\/www.aurelienbrusini.com\/shop\/wp-json\/wp\/v2\/media\/1353"}],"wp:attachment":[{"href":"https:\/\/www.aurelienbrusini.com\/shop\/wp-json\/wp\/v2\/media?parent=3033"}],"wp:term":[{"taxonomy":"product_cat","embeddable":true,"href":"https:\/\/www.aurelienbrusini.com\/shop\/wp-json\/wp\/v2\/product_cat?post=3033"},{"taxonomy":"product_tag","embeddable":true,"href":"https:\/\/www.aurelienbrusini.com\/shop\/wp-json\/wp\/v2\/product_tag?post=3033"}],"curies":[{"name":"wp","href":"https:\/\/api.w.org\/{rel}","templated":true}]}}