{"id":3085,"date":"2020-12-14T10:42:40","date_gmt":"2020-12-14T09:42:40","guid":{"rendered":"https:\/\/www.aurelienbrusini.com\/shop\/?post_type=product&#038;p=3085"},"modified":"2020-12-20T10:24:15","modified_gmt":"2020-12-20T09:24:15","slug":"fenetre-caraibes-la-desirade-guadeloupe","status":"publish","type":"product","link":"https:\/\/www.aurelienbrusini.com\/shop\/produit\/tableaux\/fenetre-caraibes-la-desirade-guadeloupe\/","title":{"rendered":"Fen\u00eatre Cara\u00efbes (La D\u00e9sirade, Guadeloupe)"},"content":{"rendered":"","protected":false},"excerpt":{"rendered":"<p id=\"u8462-9\">Votre photo est d\u00e9velopp\u00e9e sur papier photo argentique Crystal archive Fujifilm, pour un rendu professionnel.<\/p>\n<p id=\"u8462-12\">Elle est ensuite contrecoll\u00e9e sur une plaque, au choix, de plexiglass (5 mm), aluminium (Alu Dibond 3 mm), ou PVC (5 mm).<\/p>\n<p>Finition mat ou brillant possible sur aluminium et PVC.<\/p>\n<p>Jusqu&rsquo;\u00e0 6 formats au choix : du 23 x 30 au 75 x 100 cm.<\/p>\n<p>Le syst\u00e8me d\u2019attaches est inclus.<\/p>\n","protected":false},"featured_media":1369,"template":"","meta":[],"product_cat":[17],"product_tag":[36,32,60,81,48,87,34,219,51,83,66,76,77,80,33,42,41,85,26,47],"class_list":["post-3085","product","type-product","status-publish","has-post-thumbnail","hentry","product_cat-tableaux","product_tag-arbre","product_tag-blanc","product_tag-bleu","product_tag-caraibes","product_tag-ciel","product_tag-cocotier","product_tag-flore","product_tag-format-paysage","product_tag-france","product_tag-guadeloupe","product_tag-ile","product_tag-jaune","product_tag-lagon","product_tag-mer","product_tag-nature","product_tag-orange","product_tag-paysage","product_tag-plage","product_tag-tableau","product_tag-tropical","product_shipping_class-standard"],"_links":{"self":[{"href":"https:\/\/www.aurelienbrusini.com\/shop\/wp-json\/wp\/v2\/product\/3085","targetHints":{"allow":["GET"]}}],"collection":[{"href":"https:\/\/www.aurelienbrusini.com\/shop\/wp-json\/wp\/v2\/product"}],"about":[{"href":"https:\/\/www.aurelienbrusini.com\/shop\/wp-json\/wp\/v2\/types\/product"}],"wp:featuredmedia":[{"embeddable":true,"href":"https:\/\/www.aurelienbrusini.com\/shop\/wp-json\/wp\/v2\/media\/1369"}],"wp:attachment":[{"href":"https:\/\/www.aurelienbrusini.com\/shop\/wp-json\/wp\/v2\/media?parent=3085"}],"wp:term":[{"taxonomy":"product_cat","embeddable":true,"href":"https:\/\/www.aurelienbrusini.com\/shop\/wp-json\/wp\/v2\/product_cat?post=3085"},{"taxonomy":"product_tag","embeddable":true,"href":"https:\/\/www.aurelienbrusini.com\/shop\/wp-json\/wp\/v2\/product_tag?post=3085"}],"curies":[{"name":"wp","href":"https:\/\/api.w.org\/{rel}","templated":true}]}}