{"id":489,"date":"2020-12-07T14:57:51","date_gmt":"2020-12-07T13:57:51","guid":{"rendered":"https:\/\/www.aurelienbrusini.com\/shop\/?post_type=product&#038;p=489"},"modified":"2020-12-31T19:58:17","modified_gmt":"2020-12-31T18:58:17","slug":"coussin-wayapi","status":"publish","type":"product","link":"https:\/\/www.aurelienbrusini.com\/shop\/produit\/coussins\/coussin-wayapi\/","title":{"rendered":"Way\u00e3pi"},"content":{"rendered":"","protected":false},"excerpt":{"rendered":"<p id=\"u45893-14\">Impression photo recto \/ verso couleur unie en harmonie<\/p>\n<p id=\"u45893-16\">Housse en tissu Oxford<\/p>\n<p id=\"u45893-18\">Garnissage 100% polyester<\/p>\n<p id=\"u45893-20\">Coussin d\u00e9houssable<\/p>\n<p id=\"u45893-24\">1<span class=\"superscript\">er<\/span>\u00a0lavage seul avant utilisation<\/p>\n<p id=\"u45893-27\">Housse lavable : 30\u00b0C \/\u00a0<span id=\"u45893-26\">S\u00e8che-linge d\u00e9conseill\u00e9<\/span><\/p>\n<p><strong><em>Livraison en France m\u00e9tropolitaine uniquement<\/em><\/strong><\/p>\n","protected":false},"featured_media":485,"template":"","meta":[],"product_cat":[23],"product_tag":[158,172,50,124,123,138,51,52,76,46,122,43,65,121,47,31,125],"class_list":["post-489","product","type-product","status-publish","has-post-thumbnail","hentry","product_cat-coussins","product_tag-amazonie","product_tag-amerindien","product_tag-amerique-du-sud","product_tag-art","product_tag-artisanat","product_tag-coussin","product_tag-france","product_tag-guyane","product_tag-jaune","product_tag-jungle","product_tag-matiere","product_tag-noir","product_tag-patrimoine","product_tag-tressage","product_tag-tropical","product_tag-vert","product_tag-violet","product_shipping_class-standard-metropole-uniquement"],"_links":{"self":[{"href":"https:\/\/www.aurelienbrusini.com\/shop\/wp-json\/wp\/v2\/product\/489","targetHints":{"allow":["GET"]}}],"collection":[{"href":"https:\/\/www.aurelienbrusini.com\/shop\/wp-json\/wp\/v2\/product"}],"about":[{"href":"https:\/\/www.aurelienbrusini.com\/shop\/wp-json\/wp\/v2\/types\/product"}],"wp:featuredmedia":[{"embeddable":true,"href":"https:\/\/www.aurelienbrusini.com\/shop\/wp-json\/wp\/v2\/media\/485"}],"wp:attachment":[{"href":"https:\/\/www.aurelienbrusini.com\/shop\/wp-json\/wp\/v2\/media?parent=489"}],"wp:term":[{"taxonomy":"product_cat","embeddable":true,"href":"https:\/\/www.aurelienbrusini.com\/shop\/wp-json\/wp\/v2\/product_cat?post=489"},{"taxonomy":"product_tag","embeddable":true,"href":"https:\/\/www.aurelienbrusini.com\/shop\/wp-json\/wp\/v2\/product_tag?post=489"}],"curies":[{"name":"wp","href":"https:\/\/api.w.org\/{rel}","templated":true}]}}