{"id":498,"date":"2020-12-07T15:01:41","date_gmt":"2020-12-07T14:01:41","guid":{"rendered":"https:\/\/www.aurelienbrusini.com\/shop\/?post_type=product&#038;p=498"},"modified":"2020-12-31T19:56:42","modified_gmt":"2020-12-31T18:56:42","slug":"coussin-nenuphar","status":"publish","type":"product","link":"https:\/\/www.aurelienbrusini.com\/shop\/produit\/coussins\/coussin-nenuphar\/","title":{"rendered":"N\u00e9nuphar zen"},"content":{"rendered":"","protected":false},"excerpt":{"rendered":"<p id=\"u45893-14\">Impression photo recto \/ verso couleur unie en harmonie<\/p>\n<p id=\"u45893-16\">Housse en tissu Oxford<\/p>\n<p id=\"u45893-18\">Garnissage 100% polyester<\/p>\n<p id=\"u45893-20\">Coussin d\u00e9houssable<\/p>\n<p id=\"u45893-24\">1<span class=\"superscript\">er<\/span>\u00a0lavage seul avant utilisation<\/p>\n<p id=\"u45893-27\">Housse lavable : 30\u00b0C \/\u00a0<span id=\"u45893-26\">S\u00e8che-linge d\u00e9conseill\u00e9<\/span><\/p>\n<p><strong><em>Livraison en France m\u00e9tropolitaine uniquement<\/em><\/strong><\/p>\n","protected":false},"featured_media":476,"template":"","meta":[],"product_cat":[23],"product_tag":[138,34,33,42,126,115],"class_list":["post-498","product","type-product","status-publish","has-post-thumbnail","hentry","product_cat-coussins","product_tag-coussin","product_tag-flore","product_tag-nature","product_tag-orange","product_tag-rose","product_tag-zen","product_shipping_class-standard-metropole-uniquement"],"_links":{"self":[{"href":"https:\/\/www.aurelienbrusini.com\/shop\/wp-json\/wp\/v2\/product\/498","targetHints":{"allow":["GET"]}}],"collection":[{"href":"https:\/\/www.aurelienbrusini.com\/shop\/wp-json\/wp\/v2\/product"}],"about":[{"href":"https:\/\/www.aurelienbrusini.com\/shop\/wp-json\/wp\/v2\/types\/product"}],"wp:featuredmedia":[{"embeddable":true,"href":"https:\/\/www.aurelienbrusini.com\/shop\/wp-json\/wp\/v2\/media\/476"}],"wp:attachment":[{"href":"https:\/\/www.aurelienbrusini.com\/shop\/wp-json\/wp\/v2\/media?parent=498"}],"wp:term":[{"taxonomy":"product_cat","embeddable":true,"href":"https:\/\/www.aurelienbrusini.com\/shop\/wp-json\/wp\/v2\/product_cat?post=498"},{"taxonomy":"product_tag","embeddable":true,"href":"https:\/\/www.aurelienbrusini.com\/shop\/wp-json\/wp\/v2\/product_tag?post=498"}],"curies":[{"name":"wp","href":"https:\/\/api.w.org\/{rel}","templated":true}]}}