{"id":500,"date":"2020-12-07T15:07:21","date_gmt":"2020-12-07T14:07:21","guid":{"rendered":"https:\/\/www.aurelienbrusini.com\/shop\/?post_type=product&#038;p=500"},"modified":"2020-12-31T19:56:22","modified_gmt":"2020-12-31T18:56:22","slug":"coussin-medusa","status":"publish","type":"product","link":"https:\/\/www.aurelienbrusini.com\/shop\/produit\/coussins\/coussin-medusa\/","title":{"rendered":"Medusa"},"content":{"rendered":"","protected":false},"excerpt":{"rendered":"<p id=\"u45893-14\">Impression photo recto \/ verso couleur unie en harmonie<\/p>\n<p id=\"u45893-16\">Housse en tissu Oxford<\/p>\n<p id=\"u45893-18\">Garnissage 100% polyester<\/p>\n<p id=\"u45893-20\">Coussin d\u00e9houssable<\/p>\n<p id=\"u45893-24\">1<span class=\"superscript\">er<\/span>\u00a0lavage seul avant utilisation<\/p>\n<p id=\"u45893-27\">Housse lavable : 30\u00b0C \/\u00a0<span id=\"u45893-26\">S\u00e8che-linge d\u00e9conseill\u00e9<\/span><\/p>\n<p><strong><em>Livraison en France m\u00e9tropolitaine uniquement<\/em><\/strong><\/p>\n","protected":false},"featured_media":474,"template":"","meta":[],"product_cat":[23],"product_tag":[286,60,138,28,132,80,33,99,125,82],"class_list":["post-500","product","type-product","status-publish","has-post-thumbnail","hentry","product_cat-coussins","product_tag-animal","product_tag-bleu","product_tag-coussin","product_tag-faune","product_tag-meduse","product_tag-mer","product_tag-nature","product_tag-plongee-sous-marine","product_tag-violet","product_tag-vue-sous-marine","product_shipping_class-standard-metropole-uniquement"],"_links":{"self":[{"href":"https:\/\/www.aurelienbrusini.com\/shop\/wp-json\/wp\/v2\/product\/500","targetHints":{"allow":["GET"]}}],"collection":[{"href":"https:\/\/www.aurelienbrusini.com\/shop\/wp-json\/wp\/v2\/product"}],"about":[{"href":"https:\/\/www.aurelienbrusini.com\/shop\/wp-json\/wp\/v2\/types\/product"}],"wp:featuredmedia":[{"embeddable":true,"href":"https:\/\/www.aurelienbrusini.com\/shop\/wp-json\/wp\/v2\/media\/474"}],"wp:attachment":[{"href":"https:\/\/www.aurelienbrusini.com\/shop\/wp-json\/wp\/v2\/media?parent=500"}],"wp:term":[{"taxonomy":"product_cat","embeddable":true,"href":"https:\/\/www.aurelienbrusini.com\/shop\/wp-json\/wp\/v2\/product_cat?post=500"},{"taxonomy":"product_tag","embeddable":true,"href":"https:\/\/www.aurelienbrusini.com\/shop\/wp-json\/wp\/v2\/product_tag?post=500"}],"curies":[{"name":"wp","href":"https:\/\/api.w.org\/{rel}","templated":true}]}}