{"id":5136,"date":"2020-12-14T17:52:17","date_gmt":"2020-12-14T16:52:17","guid":{"rendered":"https:\/\/www.aurelienbrusini.com\/shop\/?post_type=product&#038;p=5136"},"modified":"2020-12-31T20:00:54","modified_gmt":"2020-12-31T19:00:54","slug":"vieux-greement-1","status":"publish","type":"product","link":"https:\/\/www.aurelienbrusini.com\/shop\/produit\/plaids\/vieux-greement-1\/","title":{"rendered":"Vieux gr\u00e9ement #1"},"content":{"rendered":"","protected":false},"excerpt":{"rendered":"<p id=\"u46301-16\"><strong>SERVIETTE<\/strong><\/p>\n<p id=\"u46301-18\">70% coton et 30% microfibre \/ Tissu Terry 400 gr\/m\u00b2<\/p>\n<p id=\"u46301-20\">Impression par sublimation recto uniquement (verso blanc)<\/p>\n<p id=\"u46301-24\"><span id=\"u46301-21\">Lavage 40\u00b0 conseill\u00e9 \/\u00a0<\/span>S\u00e8che-linge d\u00e9conseill\u00e9 \/ Repassage basse temp\u00e9rature \/\u00a0<span id=\"u46301-23\">Ne pas utiliser de d\u00e9tergent<\/span><\/p>\n<p>&nbsp;<\/p>\n<p id=\"u46301-28\"><strong><span id=\"u46301-26\">\u200bPLAID<\/span><\/strong><span id=\"u46452\" class=\"actAsInlineDiv normal_text\"><span id=\"u46453\" class=\"actAsDiv clip_frame excludeFromNormalFlow\" data-muse-uid=\"U46453\" data-muse-type=\"img_frame\" data-sizepolicy=\"fixed\" data-pintopage=\"page_fixedLeft\"><\/span><\/span><\/p>\n<p id=\"u46301-32\">Polaire 100% polyester<\/p>\n<p id=\"u46301-34\">Impression recto uniquement (verso blanc)<\/p>\n<p id=\"u46301-39\"><span id=\"u46301-35\">1<\/span><span id=\"u46301-36\" class=\"superscript\">er<\/span><span id=\"u46301-37\">\u00a0lavage seul avant utilisation,\u00a0<\/span>recommand\u00e9 \u00e0 40\u00b0 programme doux<\/p>\n<p id=\"u46301-42\">Ne pas utiliser de d\u00e9tergent \/\u00a0<span id=\"u46301-41\">S\u00e8che-linge d\u00e9conseill\u00e9<\/span><\/p>\n<p>&nbsp;<\/p>\n<p><strong><em>Livraison en France m\u00e9tropolitaine uniquement<\/em><\/strong><\/p>\n","protected":false},"featured_media":686,"template":"","meta":[],"product_cat":[24],"product_tag":[103,60,105,90,51,76,80,33,104,42,41,85,149,150,117],"class_list":["post-5136","product","type-product","status-publish","has-post-thumbnail","hentry","product_cat-plaids","product_tag-bateau","product_tag-bleu","product_tag-bretagne","product_tag-ete","product_tag-france","product_tag-jaune","product_tag-mer","product_tag-nature","product_tag-orage","product_tag-orange","product_tag-paysage","product_tag-plage","product_tag-plaid","product_tag-serviette","product_tag-voile","product_shipping_class-standard-metropole-uniquement"],"_links":{"self":[{"href":"https:\/\/www.aurelienbrusini.com\/shop\/wp-json\/wp\/v2\/product\/5136","targetHints":{"allow":["GET"]}}],"collection":[{"href":"https:\/\/www.aurelienbrusini.com\/shop\/wp-json\/wp\/v2\/product"}],"about":[{"href":"https:\/\/www.aurelienbrusini.com\/shop\/wp-json\/wp\/v2\/types\/product"}],"wp:featuredmedia":[{"embeddable":true,"href":"https:\/\/www.aurelienbrusini.com\/shop\/wp-json\/wp\/v2\/media\/686"}],"wp:attachment":[{"href":"https:\/\/www.aurelienbrusini.com\/shop\/wp-json\/wp\/v2\/media?parent=5136"}],"wp:term":[{"taxonomy":"product_cat","embeddable":true,"href":"https:\/\/www.aurelienbrusini.com\/shop\/wp-json\/wp\/v2\/product_cat?post=5136"},{"taxonomy":"product_tag","embeddable":true,"href":"https:\/\/www.aurelienbrusini.com\/shop\/wp-json\/wp\/v2\/product_tag?post=5136"}],"curies":[{"name":"wp","href":"https:\/\/api.w.org\/{rel}","templated":true}]}}