{"id":562,"date":"2020-12-07T23:06:31","date_gmt":"2020-12-07T22:06:31","guid":{"rendered":"https:\/\/www.aurelienbrusini.com\/shop\/?post_type=product&#038;p=562"},"modified":"2020-12-31T19:54:14","modified_gmt":"2020-12-31T18:54:14","slug":"lagon-malgache","status":"publish","type":"product","link":"https:\/\/www.aurelienbrusini.com\/shop\/produit\/coussins\/lagon-malgache\/","title":{"rendered":"Palette de l&rsquo;artiste"},"content":{"rendered":"","protected":false},"excerpt":{"rendered":"<p id=\"u45893-14\">Impression photo recto \/ verso couleur unie en harmonie<\/p>\n<p id=\"u45893-16\">Housse en tissu Oxford<\/p>\n<p id=\"u45893-18\">Garnissage 100% polyester<\/p>\n<p id=\"u45893-20\">Coussin d\u00e9houssable<\/p>\n<p id=\"u45893-24\">1<span class=\"superscript\">er<\/span>\u00a0lavage seul avant utilisation<\/p>\n<p id=\"u45893-27\">Housse lavable : 30\u00b0C \/\u00a0<span id=\"u45893-26\">S\u00e8che-linge d\u00e9conseill\u00e9<\/span><\/p>\n<p><strong><em>Livraison en France m\u00e9tropolitaine uniquement<\/em><\/strong><\/p>\n","protected":false},"featured_media":559,"template":"","meta":[],"product_cat":[23],"product_tag":[39,60,134,138,76,77,35,80,33,41,47,31,78],"class_list":["post-562","product","type-product","status-publish","has-post-thumbnail","hentry","product_cat-coussins","product_tag-afrique","product_tag-bleu","product_tag-corail","product_tag-coussin","product_tag-jaune","product_tag-lagon","product_tag-madagascar","product_tag-mer","product_tag-nature","product_tag-paysage","product_tag-tropical","product_tag-vert","product_tag-vue-aerienne","product_shipping_class-standard-metropole-uniquement"],"_links":{"self":[{"href":"https:\/\/www.aurelienbrusini.com\/shop\/wp-json\/wp\/v2\/product\/562","targetHints":{"allow":["GET"]}}],"collection":[{"href":"https:\/\/www.aurelienbrusini.com\/shop\/wp-json\/wp\/v2\/product"}],"about":[{"href":"https:\/\/www.aurelienbrusini.com\/shop\/wp-json\/wp\/v2\/types\/product"}],"wp:featuredmedia":[{"embeddable":true,"href":"https:\/\/www.aurelienbrusini.com\/shop\/wp-json\/wp\/v2\/media\/559"}],"wp:attachment":[{"href":"https:\/\/www.aurelienbrusini.com\/shop\/wp-json\/wp\/v2\/media?parent=562"}],"wp:term":[{"taxonomy":"product_cat","embeddable":true,"href":"https:\/\/www.aurelienbrusini.com\/shop\/wp-json\/wp\/v2\/product_cat?post=562"},{"taxonomy":"product_tag","embeddable":true,"href":"https:\/\/www.aurelienbrusini.com\/shop\/wp-json\/wp\/v2\/product_tag?post=562"}],"curies":[{"name":"wp","href":"https:\/\/api.w.org\/{rel}","templated":true}]}}