{"id":655,"date":"2020-12-08T09:27:21","date_gmt":"2020-12-08T08:27:21","guid":{"rendered":"https:\/\/www.aurelienbrusini.com\/shop\/?post_type=product&#038;p=655"},"modified":"2020-12-31T20:17:49","modified_gmt":"2020-12-31T19:17:49","slug":"ramage-du-ara-bleu","status":"publish","type":"product","link":"https:\/\/www.aurelienbrusini.com\/shop\/produit\/tapis\/ramage-du-ara-bleu\/","title":{"rendered":"Ramage du Grand Ara bleu"},"content":{"rendered":"","protected":false},"excerpt":{"rendered":"<p id=\"u46818-17\"><span id=\"u46818-15\">Mati\u00e8re : polyester absorbant \/\u00a0<\/span>Base en caoutchouc antid\u00e9rapant noir<\/p>\n<p>\u00c9paisseur : 2 mm<\/p>\n<p id=\"u46818-19\">Impression par sublimation<\/p>\n<p id=\"u46818-21\">Usage int\u00e9rieur recommand\u00e9<\/p>\n<p id=\"u46818-24\">Nettoyage avec un chiffon imbib\u00e9 d&rsquo;eau \/\u00a0<span id=\"u46818-23\">D\u00e9tergents et machine \u00e0 laver d\u00e9conseill\u00e9s<\/span><\/p>\n<p><strong><em>Livraison en France m\u00e9tropolitaine uniquement<\/em><\/strong><\/p>\n","protected":false},"featured_media":617,"template":"","meta":[],"product_cat":[25],"product_tag":[158,50,60,28,122,33,30,164,47],"class_list":["post-655","product","type-product","status-publish","has-post-thumbnail","hentry","product_cat-tapis","product_tag-amazonie","product_tag-amerique-du-sud","product_tag-bleu","product_tag-faune","product_tag-matiere","product_tag-nature","product_tag-oiseau","product_tag-tapis","product_tag-tropical","product_shipping_class-standard-metropole-uniquement"],"_links":{"self":[{"href":"https:\/\/www.aurelienbrusini.com\/shop\/wp-json\/wp\/v2\/product\/655","targetHints":{"allow":["GET"]}}],"collection":[{"href":"https:\/\/www.aurelienbrusini.com\/shop\/wp-json\/wp\/v2\/product"}],"about":[{"href":"https:\/\/www.aurelienbrusini.com\/shop\/wp-json\/wp\/v2\/types\/product"}],"wp:featuredmedia":[{"embeddable":true,"href":"https:\/\/www.aurelienbrusini.com\/shop\/wp-json\/wp\/v2\/media\/617"}],"wp:attachment":[{"href":"https:\/\/www.aurelienbrusini.com\/shop\/wp-json\/wp\/v2\/media?parent=655"}],"wp:term":[{"taxonomy":"product_cat","embeddable":true,"href":"https:\/\/www.aurelienbrusini.com\/shop\/wp-json\/wp\/v2\/product_cat?post=655"},{"taxonomy":"product_tag","embeddable":true,"href":"https:\/\/www.aurelienbrusini.com\/shop\/wp-json\/wp\/v2\/product_tag?post=655"}],"curies":[{"name":"wp","href":"https:\/\/api.w.org\/{rel}","templated":true}]}}