{"id":670,"date":"2020-12-08T09:28:02","date_gmt":"2020-12-08T08:28:02","guid":{"rendered":"https:\/\/www.aurelienbrusini.com\/shop\/?post_type=product&#038;p=670"},"modified":"2020-12-31T20:20:01","modified_gmt":"2020-12-31T19:20:01","slug":"tropical","status":"publish","type":"product","link":"https:\/\/www.aurelienbrusini.com\/shop\/produit\/tapis\/tropical\/","title":{"rendered":"Tropical"},"content":{"rendered":"","protected":false},"excerpt":{"rendered":"<p id=\"u46818-17\"><span id=\"u46818-15\">Mati\u00e8re : polyester absorbant \/\u00a0<\/span>Base en caoutchouc antid\u00e9rapant noir<\/p>\n<p>\u00c9paisseur : 2 mm<\/p>\n<p id=\"u46818-19\">Impression par sublimation<\/p>\n<p id=\"u46818-21\">Usage int\u00e9rieur recommand\u00e9<\/p>\n<p id=\"u46818-24\">Nettoyage avec un chiffon imbib\u00e9 d&rsquo;eau \/\u00a0<span id=\"u46818-23\">D\u00e9tergents et machine \u00e0 laver d\u00e9conseill\u00e9s<\/span><\/p>\n<p><strong><em>Livraison en France m\u00e9tropolitaine uniquement<\/em><\/strong><\/p>\n","protected":false},"featured_media":632,"template":"","meta":[],"product_cat":[25],"product_tag":[34,51,83,66,96,164,47,31,125],"class_list":["post-670","product","type-product","status-publish","has-post-thumbnail","hentry","product_cat-tapis","product_tag-flore","product_tag-france","product_tag-guadeloupe","product_tag-ile","product_tag-rouge","product_tag-tapis","product_tag-tropical","product_tag-vert","product_tag-violet","product_shipping_class-standard-metropole-uniquement"],"_links":{"self":[{"href":"https:\/\/www.aurelienbrusini.com\/shop\/wp-json\/wp\/v2\/product\/670","targetHints":{"allow":["GET"]}}],"collection":[{"href":"https:\/\/www.aurelienbrusini.com\/shop\/wp-json\/wp\/v2\/product"}],"about":[{"href":"https:\/\/www.aurelienbrusini.com\/shop\/wp-json\/wp\/v2\/types\/product"}],"wp:featuredmedia":[{"embeddable":true,"href":"https:\/\/www.aurelienbrusini.com\/shop\/wp-json\/wp\/v2\/media\/632"}],"wp:attachment":[{"href":"https:\/\/www.aurelienbrusini.com\/shop\/wp-json\/wp\/v2\/media?parent=670"}],"wp:term":[{"taxonomy":"product_cat","embeddable":true,"href":"https:\/\/www.aurelienbrusini.com\/shop\/wp-json\/wp\/v2\/product_cat?post=670"},{"taxonomy":"product_tag","embeddable":true,"href":"https:\/\/www.aurelienbrusini.com\/shop\/wp-json\/wp\/v2\/product_tag?post=670"}],"curies":[{"name":"wp","href":"https:\/\/api.w.org\/{rel}","templated":true}]}}